{"id":72,"date":"2022-03-07T20:33:17","date_gmt":"2022-03-07T20:33:17","guid":{"rendered":"https:\/\/brinksartists.nl\/?page_id=72"},"modified":"2022-05-09T08:35:55","modified_gmt":"2022-05-09T08:35:55","slug":"liza-ferschtman","status":"publish","type":"page","link":"https:\/\/brinksartists.nl\/?page_id=72","title":{"rendered":"Liza Ferschtman, violin"},"content":{"rendered":"\t\t<div data-elementor-type=\"wp-page\" data-elementor-id=\"72\" class=\"elementor elementor-72\" data-elementor-settings=\"[]\">\n\t\t\t\t\t\t\t<div class=\"elementor-section-wrap\">\n\t\t\t\t\t\t\t<section class=\"elementor-section elementor-top-section elementor-element elementor-element-1c3afb7e elementor-section-boxed elementor-section-height-default elementor-section-height-default\" data-id=\"1c3afb7e\" data-element_type=\"section\">\n\t\t\t\t\t\t<div class=\"elementor-container elementor-column-gap-default\">\n\t\t\t\t\t<div class=\"elementor-column elementor-col-33 elementor-top-column elementor-element elementor-element-45b04fa3\" data-id=\"45b04fa3\" data-element_type=\"column\">\n\t\t\t<div class=\"elementor-widget-wrap elementor-element-populated\">\n\t\t\t\t\t\t\t\t<div class=\"elementor-element elementor-element-18e8f474 elementor-widget elementor-widget-image\" data-id=\"18e8f474\" data-element_type=\"widget\" data-widget_type=\"image.default\">\n\t\t\t\t<div class=\"elementor-widget-container\">\n\t\t\t<style>\/*! elementor - v3.5.6 - 28-02-2022 *\/\n.elementor-widget-image{text-align:center}.elementor-widget-image a{display:inline-block}.elementor-widget-image a img[src$=\".svg\"]{width:48px}.elementor-widget-image img{vertical-align:middle;display:inline-block}<\/style>\t\t\t\t\t\t\t\t\t\t\t\t<img loading=\"lazy\" decoding=\"async\" width=\"2560\" height=\"1708\" src=\"https:\/\/brinksartists.nl\/wp-content\/uploads\/2022\/05\/Liza-Ferschtman031-scaled.jpg\" class=\"attachment-full size-full\" alt=\"\" srcset=\"https:\/\/brinksartists.nl\/wp-content\/uploads\/2022\/05\/Liza-Ferschtman031-scaled.jpg 2560w, https:\/\/brinksartists.nl\/wp-content\/uploads\/2022\/05\/Liza-Ferschtman031-300x200.jpg 300w, https:\/\/brinksartists.nl\/wp-content\/uploads\/2022\/05\/Liza-Ferschtman031-1024x683.jpg 1024w, https:\/\/brinksartists.nl\/wp-content\/uploads\/2022\/05\/Liza-Ferschtman031-768x512.jpg 768w, https:\/\/brinksartists.nl\/wp-content\/uploads\/2022\/05\/Liza-Ferschtman031-1536x1025.jpg 1536w, https:\/\/brinksartists.nl\/wp-content\/uploads\/2022\/05\/Liza-Ferschtman031-2048x1366.jpg 2048w\" sizes=\"auto, (max-width: 2560px) 100vw, 2560px\" \/>\t\t\t\t\t\t\t\t\t\t\t\t\t\t\t<\/div>\n\t\t\t\t<\/div>\n\t\t\t\t<div class=\"elementor-element elementor-element-40266b7 elementor-widget elementor-widget-heading\" data-id=\"40266b7\" data-element_type=\"widget\" data-widget_type=\"heading.default\">\n\t\t\t\t<div class=\"elementor-widget-container\">\n\t\t\t<style>\/*! elementor - v3.5.6 - 28-02-2022 *\/\n.elementor-heading-title{padding:0;margin:0;line-height:1}.elementor-widget-heading .elementor-heading-title[class*=elementor-size-]>a{color:inherit;font-size:inherit;line-height:inherit}.elementor-widget-heading .elementor-heading-title.elementor-size-small{font-size:15px}.elementor-widget-heading .elementor-heading-title.elementor-size-medium{font-size:19px}.elementor-widget-heading .elementor-heading-title.elementor-size-large{font-size:29px}.elementor-widget-heading .elementor-heading-title.elementor-size-xl{font-size:39px}.elementor-widget-heading .elementor-heading-title.elementor-size-xxl{font-size:59px}<\/style><h4 class=\"elementor-heading-title elementor-size-default\">Booking Contact<\/h4>\t\t<\/div>\n\t\t\t\t<\/div>\n\t\t\t\t<div class=\"elementor-element elementor-element-43a7c933 elementor-widget elementor-widget-text-editor\" data-id=\"43a7c933\" data-element_type=\"widget\" data-widget_type=\"text-editor.default\">\n\t\t\t\t<div class=\"elementor-widget-container\">\n\t\t\t<style>\/*! elementor - v3.5.6 - 28-02-2022 *\/\n.elementor-widget-text-editor.elementor-drop-cap-view-stacked .elementor-drop-cap{background-color:#818a91;color:#fff}.elementor-widget-text-editor.elementor-drop-cap-view-framed .elementor-drop-cap{color:#818a91;border:3px solid;background-color:transparent}.elementor-widget-text-editor:not(.elementor-drop-cap-view-default) .elementor-drop-cap{margin-top:8px}.elementor-widget-text-editor:not(.elementor-drop-cap-view-default) .elementor-drop-cap-letter{width:1em;height:1em}.elementor-widget-text-editor .elementor-drop-cap{float:left;text-align:center;line-height:1;font-size:50px}.elementor-widget-text-editor .elementor-drop-cap-letter{display:inline-block}<\/style>\t\t\t\t<p><a href=\"mailto:kika@brinksartists.nl?subject=Bookingrequest:Liza%20Ferschtman,%20violin\"><span style=\"color: #000080;\">Kika Nieuwenhuis<\/span><\/a><br \/>Territory: the Benelux<\/p>\t\t\t\t\t\t<\/div>\n\t\t\t\t<\/div>\n\t\t\t\t<div class=\"elementor-element elementor-element-cd384a2 elementor-widget elementor-widget-heading\" data-id=\"cd384a2\" data-element_type=\"widget\" data-widget_type=\"heading.default\">\n\t\t\t\t<div class=\"elementor-widget-container\">\n\t\t\t<h4 class=\"elementor-heading-title elementor-size-default\">Presskit<\/h4>\t\t<\/div>\n\t\t\t\t<\/div>\n\t\t\t\t<div class=\"elementor-element elementor-element-62f34492 elementor-widget elementor-widget-text-editor\" data-id=\"62f34492\" data-element_type=\"widget\" data-widget_type=\"text-editor.default\">\n\t\t\t\t<div class=\"elementor-widget-container\">\n\t\t\t\t\t\t\t<p><a href=\"https:\/\/brinksartists.nl\/wp-content\/uploads\/2022\/03\/Bio-Liza-eng.pdf\"><span style=\"color: #000080;\">Biography English Liza Ferschtman<\/span><\/a><\/p><p><a href=\"https:\/\/brinksartists.nl\/wp-content\/uploads\/2022\/03\/Bio-liza-ned.pdf\"><span style=\"color: #000080;\">Biography Nederlands Liza Ferschtman<\/span><\/a><\/p>\t\t\t\t\t\t<\/div>\n\t\t\t\t<\/div>\n\t\t\t\t<div class=\"elementor-element elementor-element-15e52a35 elementor-widget elementor-widget-heading\" data-id=\"15e52a35\" data-element_type=\"widget\" data-widget_type=\"heading.default\">\n\t\t\t\t<div class=\"elementor-widget-container\">\n\t\t\t<h4 class=\"elementor-heading-title elementor-size-default\">Video<\/h4>\t\t<\/div>\n\t\t\t\t<\/div>\n\t\t\t\t<div class=\"elementor-element elementor-element-c306142 elementor-aspect-ratio-169 elementor-widget elementor-widget-video\" data-id=\"c306142\" data-element_type=\"widget\" data-settings=\"{&quot;youtube_url&quot;:&quot;https:\\\/\\\/youtu.be\\\/W6n1Qb5_EU4&quot;,&quot;video_type&quot;:&quot;youtube&quot;,&quot;controls&quot;:&quot;yes&quot;,&quot;aspect_ratio&quot;:&quot;169&quot;}\" data-widget_type=\"video.default\">\n\t\t\t\t<div class=\"elementor-widget-container\">\n\t\t\t<style>\/*! elementor - v3.5.6 - 28-02-2022 *\/\n.elementor-widget-video .elementor-widget-container{overflow:hidden;-webkit-transform:translateZ(0);transform:translateZ(0)}.elementor-widget-video .elementor-open-inline .elementor-custom-embed-image-overlay{position:absolute;top:0;left:0;width:100%;height:100%;-webkit-background-size:cover;background-size:cover;background-position:50%}.elementor-widget-video .elementor-custom-embed-image-overlay{cursor:pointer;text-align:center}.elementor-widget-video .elementor-custom-embed-image-overlay:hover .elementor-custom-embed-play i{opacity:1}.elementor-widget-video .elementor-custom-embed-image-overlay img{display:block;width:100%}.elementor-widget-video .e-hosted-video .elementor-video{-o-object-fit:cover;object-fit:cover}<\/style>\t\t<div class=\"elementor-wrapper elementor-fit-aspect-ratio elementor-open-inline\">\n\t\t\t<div class=\"elementor-video\"><\/div>\t\t<\/div>\n\t\t\t\t<\/div>\n\t\t\t\t<\/div>\n\t\t\t\t\t<\/div>\n\t\t<\/div>\n\t\t\t\t<div class=\"elementor-column elementor-col-66 elementor-top-column elementor-element elementor-element-37999296\" data-id=\"37999296\" data-element_type=\"column\">\n\t\t\t<div class=\"elementor-widget-wrap elementor-element-populated\">\n\t\t\t\t\t\t\t\t<div class=\"elementor-element elementor-element-67900bae elementor-widget elementor-widget-heading\" data-id=\"67900bae\" data-element_type=\"widget\" data-widget_type=\"heading.default\">\n\t\t\t\t<div class=\"elementor-widget-container\">\n\t\t\t<h4 class=\"elementor-heading-title elementor-size-default\">Liza Ferschtman<\/h4>\t\t<\/div>\n\t\t\t\t<\/div>\n\t\t\t\t<div class=\"elementor-element elementor-element-1dfb2bf1 elementor-widget elementor-widget-text-editor\" data-id=\"1dfb2bf1\" data-element_type=\"widget\" data-widget_type=\"text-editor.default\">\n\t\t\t\t<div class=\"elementor-widget-container\">\n\t\t\t\t\t\t\t<p>Renowned for her strong musical personality and the versatility of her musicianship, which combines powerful dynamism and intense lyricism, Liza Ferschtman has been praised in the international musical press, with The New York Times describing her as \u2018nothing short of revelatory\u2019, and referring to the \u2018laserlike intensity, purity and refined beauty of her playing\u2019, while The Guardian commended her \u2018vivacious musical personality\u2019 and \u2018lovely lyrical quality\u2019.<\/p><p>Since winning the Dutch Music Award, the most distinguished prize for Dutch musicians, in 2006, Liza has appeared as a soloist with many of the world\u2019s top orchestras, including the Royal Concertgebouw Orchestra, London Philharmonic, Dallas Symphony Orchestra, Budapest Festival Orchestra, Warsaw Philharmonic and Brussels Philharmonic, collaborating with conductors including Jaap van Zweden, Iv\u00e1n Fischer, St\u00e9phane Den\u00e8ve, Jacek Kaspszyk, Jun M\u00e4rkl, Frans Br\u00fcggen, Neeme J\u00e4rvi, Otto Tausk, Dmitry Sitkovetsky and Thomas S\u00f8nderg\u00e5rd. Liza Ferschtman is also a passionate chamber musician and a popular guest at festivals and concert venues throughout the world; since 2007 she has been artistic director of the Delft Chamber Music Festival. Her chamber music partners include Elisabeth Leonskaja, Jonathan Biss, Alisa Weilerstein, Christian Polt\u00e9ra, Julius Drake, Martin Roscoe, Nobuko Imai, Lars Anders Tomter, Marie Luise Neunecker, Sharon Kam and Amihai Grosz.<\/p><p>The 2019-20 season includes concerto performances with the Stuttgart Philharmonic, Munich Symphony Orchestra, the Flanders Symphony Orchestra, Het Gelders Orkest and the Netherlands Philharmonic in Europe, while North and Central American performances include the Kitchener Waterloo Symphony Orchestra, the Toledo Symphony and Orquesta Filarm\u00f3nica de Jalisco. The season also includes recital tours with Enrico Pace and performances of the Schubert piano trios with Elisabeth Leonskaja and Istv\u00e1n V\u00e1rdai \/ Jakob Koranyi in venues including London\u2019s Wigmore Hall, the Musikverein Wien, the Concertgebouw Amsterdam and the Th\u00e9\u00e2tre des Champs Elys\u00e9es.<\/p><p>\u00a0Liza Ferschtman has an impressive discography. Her CDs for Challenge Classics feature violin concertos by Beethoven, Dvo\u0159\u00e1k, Mendelssohn, Korngold and Bernstein (Serenade). She has also recorded chamber music on CD, including Mendelssohn\u2019s Octet, works by Schubert and Beethoven performed with Inon Barnatan and the Kodaly, Ravel and Schulhoff duos performed with her father, the cellist Dmitri Ferschtman. Her most recent CD of the Bernstein Serenade and Korngold Concerto received wide critical acclaim, incliuding five stars in Fono Forum and \u2018Album of the Month\u2019 in die Welt. Her earlier CD of solo works by Bach and Ysa\u00ffe was chosen as \u2018CD of the Month\u2019 by The Strad. The daughter of prominent Russian-Jewish musicians, Liza grew up in a musical environment and as a young child she was soon taking her first violin lessons from the legendary violinist and family friend, Philip Hirschhorn. After his death she studied with Herman Krebbers, Ida Kavafian at the celebrated Curtis Institute of Music in Philadelphia and David Takeno in London. June 20<\/p>\t\t\t\t\t\t<\/div>\n\t\t\t\t<\/div>\n\t\t\t\t\t<\/div>\n\t\t<\/div>\n\t\t\t\t\t\t\t<\/div>\n\t\t<\/section>\n\t\t\t\t\t\t<\/div>\n\t\t\t\t\t<\/div>\n\t\t","protected":false},"excerpt":{"rendered":"<p>Booking Contact Kika NieuwenhuisTerritory: the Benelux Presskit Biography English Liza Ferschtman Biography Nederlands Liza Ferschtman Video Liza Ferschtman Renowned for her strong musical personality and the versatility of her musicianship, which combines powerful dynamism and intense lyricism, Liza Ferschtman has been praised in the international musical press, with The New York Times describing her as [&hellip;]<\/p>\n","protected":false},"author":1,"featured_media":0,"parent":0,"menu_order":0,"comment_status":"closed","ping_status":"closed","template":"","meta":{"footnotes":""},"class_list":["post-72","page","type-page","status-publish","hentry"],"_links":{"self":[{"href":"https:\/\/brinksartists.nl\/index.php?rest_route=\/wp\/v2\/pages\/72","targetHints":{"allow":["GET"]}}],"collection":[{"href":"https:\/\/brinksartists.nl\/index.php?rest_route=\/wp\/v2\/pages"}],"about":[{"href":"https:\/\/brinksartists.nl\/index.php?rest_route=\/wp\/v2\/types\/page"}],"author":[{"embeddable":true,"href":"https:\/\/brinksartists.nl\/index.php?rest_route=\/wp\/v2\/users\/1"}],"replies":[{"embeddable":true,"href":"https:\/\/brinksartists.nl\/index.php?rest_route=%2Fwp%2Fv2%2Fcomments&post=72"}],"version-history":[{"count":26,"href":"https:\/\/brinksartists.nl\/index.php?rest_route=\/wp\/v2\/pages\/72\/revisions"}],"predecessor-version":[{"id":798,"href":"https:\/\/brinksartists.nl\/index.php?rest_route=\/wp\/v2\/pages\/72\/revisions\/798"}],"wp:attachment":[{"href":"https:\/\/brinksartists.nl\/index.php?rest_route=%2Fwp%2Fv2%2Fmedia&parent=72"}],"curies":[{"name":"wp","href":"https:\/\/api.w.org\/{rel}","templated":true}]}}