{"id":68,"date":"2022-03-07T20:33:17","date_gmt":"2022-03-07T20:33:17","guid":{"rendered":"https:\/\/brinksartists.nl\/?page_id=68"},"modified":"2022-04-25T09:37:44","modified_gmt":"2022-04-25T09:37:44","slug":"christianne-stotijn","status":"publish","type":"page","link":"https:\/\/brinksartists.nl\/?page_id=68","title":{"rendered":"Christianne Stotijn, mezzo soprano"},"content":{"rendered":"\t\t<div data-elementor-type=\"wp-page\" data-elementor-id=\"68\" class=\"elementor elementor-68\" data-elementor-settings=\"[]\">\n\t\t\t\t\t\t\t<div class=\"elementor-section-wrap\">\n\t\t\t\t\t\t\t<section class=\"elementor-section elementor-top-section elementor-element elementor-element-732213b5 elementor-section-boxed elementor-section-height-default elementor-section-height-default\" data-id=\"732213b5\" data-element_type=\"section\">\n\t\t\t\t\t\t<div class=\"elementor-container elementor-column-gap-default\">\n\t\t\t\t\t<div class=\"elementor-column elementor-col-33 elementor-top-column elementor-element elementor-element-53a620c7\" data-id=\"53a620c7\" data-element_type=\"column\">\n\t\t\t<div class=\"elementor-widget-wrap elementor-element-populated\">\n\t\t\t\t\t\t\t\t<div class=\"elementor-element elementor-element-4239696c elementor-widget elementor-widget-image\" data-id=\"4239696c\" data-element_type=\"widget\" data-widget_type=\"image.default\">\n\t\t\t\t<div class=\"elementor-widget-container\">\n\t\t\t<style>\/*! elementor - v3.5.6 - 28-02-2022 *\/\n.elementor-widget-image{text-align:center}.elementor-widget-image a{display:inline-block}.elementor-widget-image a img[src$=\".svg\"]{width:48px}.elementor-widget-image img{vertical-align:middle;display:inline-block}<\/style>\t\t\t\t\t\t\t\t\t\t\t\t<img loading=\"lazy\" decoding=\"async\" width=\"480\" height=\"640\" src=\"https:\/\/brinksartists.nl\/wp-content\/uploads\/2022\/03\/1614943585-1-1.jpg\" class=\"attachment-full size-full\" alt=\"\" srcset=\"https:\/\/brinksartists.nl\/wp-content\/uploads\/2022\/03\/1614943585-1-1.jpg 480w, https:\/\/brinksartists.nl\/wp-content\/uploads\/2022\/03\/1614943585-1-1-225x300.jpg 225w\" sizes=\"auto, (max-width: 480px) 100vw, 480px\" \/>\t\t\t\t\t\t\t\t\t\t\t\t\t\t\t<\/div>\n\t\t\t\t<\/div>\n\t\t\t\t<div class=\"elementor-element elementor-element-4079d1f3 elementor-widget elementor-widget-heading\" data-id=\"4079d1f3\" data-element_type=\"widget\" data-widget_type=\"heading.default\">\n\t\t\t\t<div class=\"elementor-widget-container\">\n\t\t\t<style>\/*! elementor - v3.5.6 - 28-02-2022 *\/\n.elementor-heading-title{padding:0;margin:0;line-height:1}.elementor-widget-heading .elementor-heading-title[class*=elementor-size-]>a{color:inherit;font-size:inherit;line-height:inherit}.elementor-widget-heading .elementor-heading-title.elementor-size-small{font-size:15px}.elementor-widget-heading .elementor-heading-title.elementor-size-medium{font-size:19px}.elementor-widget-heading .elementor-heading-title.elementor-size-large{font-size:29px}.elementor-widget-heading .elementor-heading-title.elementor-size-xl{font-size:39px}.elementor-widget-heading .elementor-heading-title.elementor-size-xxl{font-size:59px}<\/style><h4 class=\"elementor-heading-title elementor-size-default\">Booking Contact<\/h4>\t\t<\/div>\n\t\t\t\t<\/div>\n\t\t\t\t<div class=\"elementor-element elementor-element-30eb0b9c elementor-widget elementor-widget-text-editor\" data-id=\"30eb0b9c\" data-element_type=\"widget\" data-widget_type=\"text-editor.default\">\n\t\t\t\t<div class=\"elementor-widget-container\">\n\t\t\t<style>\/*! elementor - v3.5.6 - 28-02-2022 *\/\n.elementor-widget-text-editor.elementor-drop-cap-view-stacked .elementor-drop-cap{background-color:#818a91;color:#fff}.elementor-widget-text-editor.elementor-drop-cap-view-framed .elementor-drop-cap{color:#818a91;border:3px solid;background-color:transparent}.elementor-widget-text-editor:not(.elementor-drop-cap-view-default) .elementor-drop-cap{margin-top:8px}.elementor-widget-text-editor:not(.elementor-drop-cap-view-default) .elementor-drop-cap-letter{width:1em;height:1em}.elementor-widget-text-editor .elementor-drop-cap{float:left;text-align:center;line-height:1;font-size:50px}.elementor-widget-text-editor .elementor-drop-cap-letter{display:inline-block}<\/style>\t\t\t\t<p><span style=\"color: #000080;\"><a style=\"color: #000080;\" href=\"mailto:marianne@brinksartists.nl?subject=Bookingrequest:Christianne%20Stotijn\">Marianne Brinks<\/a><\/span><br \/>Territory: the world<\/p>\t\t\t\t\t\t<\/div>\n\t\t\t\t<\/div>\n\t\t\t\t<div class=\"elementor-element elementor-element-27d280e4 elementor-widget elementor-widget-heading\" data-id=\"27d280e4\" data-element_type=\"widget\" data-widget_type=\"heading.default\">\n\t\t\t\t<div class=\"elementor-widget-container\">\n\t\t\t<h4 class=\"elementor-heading-title elementor-size-default\">Presskit<\/h4>\t\t<\/div>\n\t\t\t\t<\/div>\n\t\t\t\t<div class=\"elementor-element elementor-element-2ea0bf4b elementor-widget elementor-widget-text-editor\" data-id=\"2ea0bf4b\" data-element_type=\"widget\" data-widget_type=\"text-editor.default\">\n\t\t\t\t<div class=\"elementor-widget-container\">\n\t\t\t\t\t\t\t<p><span style=\"color: #008000;\"><a href=\"https:\/\/brinksartists.nl\/wp-content\/uploads\/2022\/03\/EnglishBiography-Christianne-Stotijn.pdf\"><span style=\"color: #000080;\">Bio Engels<\/span><\/a><\/span><\/p><p><span style=\"color: #000080;\"><a style=\"color: #000080;\" href=\"https:\/\/brinksartists.nl\/wp-content\/uploads\/2022\/03\/BiografieChristianneStotijn2021.pdf\">Bio NL<\/a><\/span><\/p>\t\t\t\t\t\t<\/div>\n\t\t\t\t<\/div>\n\t\t\t\t<div class=\"elementor-element elementor-element-64da8ffb elementor-widget elementor-widget-heading\" data-id=\"64da8ffb\" data-element_type=\"widget\" data-widget_type=\"heading.default\">\n\t\t\t\t<div class=\"elementor-widget-container\">\n\t\t\t<h4 class=\"elementor-heading-title elementor-size-default\">Website<\/h4>\t\t<\/div>\n\t\t\t\t<\/div>\n\t\t\t\t<div class=\"elementor-element elementor-element-80e0eab elementor-widget elementor-widget-text-editor\" data-id=\"80e0eab\" data-element_type=\"widget\" data-widget_type=\"text-editor.default\">\n\t\t\t\t<div class=\"elementor-widget-container\">\n\t\t\t\t\t\t\t<p><span style=\"color: #000080;\"><a style=\"color: #000080;\" href=\"file:\/\/\/H:\/Brinksartists.nl\/brinksartists\/brinksartists.nl\/www.christiannestotijn.html\" target=\"_blank\" rel=\"noopener\">www.christiannestotijn.com<\/a><\/span><\/p>\t\t\t\t\t\t<\/div>\n\t\t\t\t<\/div>\n\t\t\t\t\t<\/div>\n\t\t<\/div>\n\t\t\t\t<div class=\"elementor-column elementor-col-66 elementor-top-column elementor-element elementor-element-5fc4d04c\" data-id=\"5fc4d04c\" data-element_type=\"column\">\n\t\t\t<div class=\"elementor-widget-wrap elementor-element-populated\">\n\t\t\t\t\t\t\t\t<div class=\"elementor-element elementor-element-5c264b97 elementor-widget elementor-widget-heading\" data-id=\"5c264b97\" data-element_type=\"widget\" data-widget_type=\"heading.default\">\n\t\t\t\t<div class=\"elementor-widget-container\">\n\t\t\t<h4 class=\"elementor-heading-title elementor-size-default\">Christianne Stotijn <\/h4>\t\t<\/div>\n\t\t\t\t<\/div>\n\t\t\t\t<div class=\"elementor-element elementor-element-229a391a elementor-widget elementor-widget-text-editor\" data-id=\"229a391a\" data-element_type=\"widget\" data-widget_type=\"text-editor.default\">\n\t\t\t\t<div class=\"elementor-widget-container\">\n\t\t\t\t\t\t\t<p>The Dutch mezzo-soprano Christianne Stotijn was born in Delft and studied violin and voice at the Conservatorium van Amsterdam. After obtaining her solo violin diploma she continued her vocal studies with Udo Reinemann and Dame<br \/>Janet Baker. She is currently coached by professor Josef Loibl. Over the years Christianne has won numerous awards, including the prestigious ECHO Rising Stars Award 2005\/2006, the Borletti-Buitoni Trust Award in 2005, and the<br \/>Nederlands Muziekprijs in 2008. In 2007 she was selected as a BBC New Generation Artist.<\/p><p>The conductor Bernard Haitink has had a profound influence on Christianne&#8217;s career. Under his direction she has performed with orchestras including the Royal Concertgebouw Orchestra, Boston Symphony Orchestra, Chicago<br \/>Symphony Orchestra and London Symphony Orchestra.<\/p><p>Christianne has also worked with world-class conductors such as Claudio Abbado, Ivan Fischer, Esa-Pekka Salonen, Yannick N\u00e9zet-S\u00e9guin, Andris Nelsons, Gustavo Dudamel, Mark Elder and Jaap van Zweden, performing repertoire including: Berlioz\u2018s La Mort de Cl\u00e9op\u00e2tre and Les Nuits d&#8217;\u00e9t\u00e9, Elgar&#8217;s Sea Pictures, Britten&#8217;s Phaedra, Mussorgsky&#8217;s Songs and Dances of Death, Mahler&#8217;s R\u00fcckert Lieder and Kindertotenlieder, the Neruda Songs by Peter Lieberson, F\u00fcnf neapolitanische Lieder by Hans Werner Henze, Wagner&#8217;s Wesendonck Lieder and Sieben fr\u00fche Lieder by Alban Berg.<\/p>\t\t\t\t\t\t<\/div>\n\t\t\t\t<\/div>\n\t\t\t\t\t<\/div>\n\t\t<\/div>\n\t\t\t\t\t\t\t<\/div>\n\t\t<\/section>\n\t\t\t\t\t\t<\/div>\n\t\t\t\t\t<\/div>\n\t\t","protected":false},"excerpt":{"rendered":"<p>Booking Contact Marianne Brinks Territory: the world Presskit Bio Engels Bio NL Website www.christiannestotijn.com Christianne Stotijn The Dutch mezzo-soprano Christianne Stotijn was born in Delft and studied violin and voice at the Conservatorium van Amsterdam. After obtaining her solo violin diploma she continued her vocal studies with Udo Reinemann and Dame Janet Baker. She is [&hellip;]<\/p>\n","protected":false},"author":1,"featured_media":0,"parent":0,"menu_order":0,"comment_status":"closed","ping_status":"closed","template":"","meta":{"footnotes":""},"class_list":["post-68","page","type-page","status-publish","hentry"],"_links":{"self":[{"href":"https:\/\/brinksartists.nl\/index.php?rest_route=\/wp\/v2\/pages\/68","targetHints":{"allow":["GET"]}}],"collection":[{"href":"https:\/\/brinksartists.nl\/index.php?rest_route=\/wp\/v2\/pages"}],"about":[{"href":"https:\/\/brinksartists.nl\/index.php?rest_route=\/wp\/v2\/types\/page"}],"author":[{"embeddable":true,"href":"https:\/\/brinksartists.nl\/index.php?rest_route=\/wp\/v2\/users\/1"}],"replies":[{"embeddable":true,"href":"https:\/\/brinksartists.nl\/index.php?rest_route=%2Fwp%2Fv2%2Fcomments&post=68"}],"version-history":[{"count":20,"href":"https:\/\/brinksartists.nl\/index.php?rest_route=\/wp\/v2\/pages\/68\/revisions"}],"predecessor-version":[{"id":752,"href":"https:\/\/brinksartists.nl\/index.php?rest_route=\/wp\/v2\/pages\/68\/revisions\/752"}],"wp:attachment":[{"href":"https:\/\/brinksartists.nl\/index.php?rest_route=%2Fwp%2Fv2%2Fmedia&parent=68"}],"curies":[{"name":"wp","href":"https:\/\/api.w.org\/{rel}","templated":true}]}}