{"id":1052,"date":"2024-08-10T10:43:00","date_gmt":"2024-08-10T10:43:00","guid":{"rendered":"https:\/\/brinksartists.nl\/?page_id=1052"},"modified":"2024-11-18T10:18:15","modified_gmt":"2024-11-18T10:18:15","slug":"christianne-stotijn-2","status":"publish","type":"page","link":"https:\/\/brinksartists.nl\/?page_id=1052","title":{"rendered":"Julian Steckel, cello"},"content":{"rendered":"\t\t<div data-elementor-type=\"wp-page\" data-elementor-id=\"1052\" class=\"elementor elementor-1052\" data-elementor-settings=\"[]\">\n\t\t\t\t\t\t\t<div class=\"elementor-section-wrap\">\n\t\t\t\t\t\t\t<section class=\"elementor-section elementor-top-section elementor-element elementor-element-732213b5 elementor-section-boxed elementor-section-height-default elementor-section-height-default\" data-id=\"732213b5\" data-element_type=\"section\">\n\t\t\t\t\t\t<div class=\"elementor-container elementor-column-gap-default\">\n\t\t\t\t\t<div class=\"elementor-column elementor-col-33 elementor-top-column elementor-element elementor-element-53a620c7\" data-id=\"53a620c7\" data-element_type=\"column\">\n\t\t\t<div class=\"elementor-widget-wrap elementor-element-populated\">\n\t\t\t\t\t\t\t\t<div class=\"elementor-element elementor-element-4239696c elementor-widget elementor-widget-image\" data-id=\"4239696c\" data-element_type=\"widget\" data-widget_type=\"image.default\">\n\t\t\t\t<div class=\"elementor-widget-container\">\n\t\t\t<style>\/*! elementor - v3.5.6 - 28-02-2022 *\/\n.elementor-widget-image{text-align:center}.elementor-widget-image a{display:inline-block}.elementor-widget-image a img[src$=\".svg\"]{width:48px}.elementor-widget-image img{vertical-align:middle;display:inline-block}<\/style>\t\t\t\t\t\t\t\t\t\t\t\t<img loading=\"lazy\" decoding=\"async\" width=\"2560\" height=\"1255\" src=\"https:\/\/brinksartists.nl\/wp-content\/uploads\/2024\/08\/Julian-Steckel008-min-4-scaled.jpg\" class=\"attachment-full size-full\" alt=\"\" srcset=\"https:\/\/brinksartists.nl\/wp-content\/uploads\/2024\/08\/Julian-Steckel008-min-4-scaled.jpg 2560w, https:\/\/brinksartists.nl\/wp-content\/uploads\/2024\/08\/Julian-Steckel008-min-4-300x147.jpg 300w, https:\/\/brinksartists.nl\/wp-content\/uploads\/2024\/08\/Julian-Steckel008-min-4-1024x502.jpg 1024w, https:\/\/brinksartists.nl\/wp-content\/uploads\/2024\/08\/Julian-Steckel008-min-4-768x376.jpg 768w, https:\/\/brinksartists.nl\/wp-content\/uploads\/2024\/08\/Julian-Steckel008-min-4-1536x753.jpg 1536w, https:\/\/brinksartists.nl\/wp-content\/uploads\/2024\/08\/Julian-Steckel008-min-4-2048x1004.jpg 2048w\" sizes=\"auto, (max-width: 2560px) 100vw, 2560px\" \/>\t\t\t\t\t\t\t\t\t\t\t\t\t\t\t<\/div>\n\t\t\t\t<\/div>\n\t\t\t\t<div class=\"elementor-element elementor-element-4079d1f3 elementor-widget elementor-widget-heading\" data-id=\"4079d1f3\" data-element_type=\"widget\" data-widget_type=\"heading.default\">\n\t\t\t\t<div class=\"elementor-widget-container\">\n\t\t\t<style>\/*! elementor - v3.5.6 - 28-02-2022 *\/\n.elementor-heading-title{padding:0;margin:0;line-height:1}.elementor-widget-heading .elementor-heading-title[class*=elementor-size-]>a{color:inherit;font-size:inherit;line-height:inherit}.elementor-widget-heading .elementor-heading-title.elementor-size-small{font-size:15px}.elementor-widget-heading .elementor-heading-title.elementor-size-medium{font-size:19px}.elementor-widget-heading .elementor-heading-title.elementor-size-large{font-size:29px}.elementor-widget-heading .elementor-heading-title.elementor-size-xl{font-size:39px}.elementor-widget-heading .elementor-heading-title.elementor-size-xxl{font-size:59px}<\/style><h4 class=\"elementor-heading-title elementor-size-default\">Booking Contact<\/h4>\t\t<\/div>\n\t\t\t\t<\/div>\n\t\t\t\t<div class=\"elementor-element elementor-element-30eb0b9c elementor-widget elementor-widget-text-editor\" data-id=\"30eb0b9c\" data-element_type=\"widget\" data-widget_type=\"text-editor.default\">\n\t\t\t\t<div class=\"elementor-widget-container\">\n\t\t\t<style>\/*! elementor - v3.5.6 - 28-02-2022 *\/\n.elementor-widget-text-editor.elementor-drop-cap-view-stacked .elementor-drop-cap{background-color:#818a91;color:#fff}.elementor-widget-text-editor.elementor-drop-cap-view-framed .elementor-drop-cap{color:#818a91;border:3px solid;background-color:transparent}.elementor-widget-text-editor:not(.elementor-drop-cap-view-default) .elementor-drop-cap{margin-top:8px}.elementor-widget-text-editor:not(.elementor-drop-cap-view-default) .elementor-drop-cap-letter{width:1em;height:1em}.elementor-widget-text-editor .elementor-drop-cap{float:left;text-align:center;line-height:1;font-size:50px}.elementor-widget-text-editor .elementor-drop-cap-letter{display:inline-block}<\/style>\t\t\t\t<p><span style=\"color: #000080;\">Kika Nieuwenhuis<\/span><br \/>Territory: Benelux<\/p>\t\t\t\t\t\t<\/div>\n\t\t\t\t<\/div>\n\t\t\t\t<div class=\"elementor-element elementor-element-27d280e4 elementor-widget elementor-widget-heading\" data-id=\"27d280e4\" data-element_type=\"widget\" data-widget_type=\"heading.default\">\n\t\t\t\t<div class=\"elementor-widget-container\">\n\t\t\t<h4 class=\"elementor-heading-title elementor-size-default\">Presskit<\/h4>\t\t<\/div>\n\t\t\t\t<\/div>\n\t\t\t\t<div class=\"elementor-element elementor-element-2ea0bf4b elementor-widget elementor-widget-text-editor\" data-id=\"2ea0bf4b\" data-element_type=\"widget\" data-widget_type=\"text-editor.default\">\n\t\t\t\t<div class=\"elementor-widget-container\">\n\t\t\t\t\t\t\t<p><a href=\"https:\/\/brinksartists.nl\/wp-content\/uploads\/2024\/08\/Julian-Steckel_e24_25-.pdf\"><span style=\"color: #008000;\"><span style=\"color: #000080;\">Bio Engels<\/span><\/span><\/a><\/p>\t\t\t\t\t\t<\/div>\n\t\t\t\t<\/div>\n\t\t\t\t<div class=\"elementor-element elementor-element-64da8ffb elementor-widget elementor-widget-heading\" data-id=\"64da8ffb\" data-element_type=\"widget\" data-widget_type=\"heading.default\">\n\t\t\t\t<div class=\"elementor-widget-container\">\n\t\t\t<h4 class=\"elementor-heading-title elementor-size-default\">Website<\/h4>\t\t<\/div>\n\t\t\t\t<\/div>\n\t\t\t\t<div class=\"elementor-element elementor-element-80e0eab elementor-widget elementor-widget-text-editor\" data-id=\"80e0eab\" data-element_type=\"widget\" data-widget_type=\"text-editor.default\">\n\t\t\t\t<div class=\"elementor-widget-container\">\n\t\t\t\t\t\t\t<p><span style=\"color: #000080;\"><a style=\"color: #000080;\" href=\"file:\/\/\/H:\/Brinksartists.nl\/brinksartists\/brinksartists.nl\/www.christiannestotijn.html\" target=\"_blank\" rel=\"noopener\">www.<\/a>juliansteckel.com<\/span><\/p>\t\t\t\t\t\t<\/div>\n\t\t\t\t<\/div>\n\t\t\t\t\t<\/div>\n\t\t<\/div>\n\t\t\t\t<div class=\"elementor-column elementor-col-66 elementor-top-column elementor-element elementor-element-5fc4d04c\" data-id=\"5fc4d04c\" data-element_type=\"column\">\n\t\t\t<div class=\"elementor-widget-wrap elementor-element-populated\">\n\t\t\t\t\t\t\t\t<div class=\"elementor-element elementor-element-5c264b97 elementor-widget elementor-widget-heading\" data-id=\"5c264b97\" data-element_type=\"widget\" data-widget_type=\"heading.default\">\n\t\t\t\t<div class=\"elementor-widget-container\">\n\t\t\t<h4 class=\"elementor-heading-title elementor-size-default\">Julian Steckel <\/h4>\t\t<\/div>\n\t\t\t\t<\/div>\n\t\t\t\t<div class=\"elementor-element elementor-element-229a391a elementor-widget elementor-widget-text-editor\" data-id=\"229a391a\" data-element_type=\"widget\" data-widget_type=\"text-editor.default\">\n\t\t\t\t<div class=\"elementor-widget-container\">\n\t\t\t\t\t\t\t<div>\n<p><span lang=\"EN-GB\" style=\"font-size: 11.0pt; font-family: 'Calibri',sans-serif; mso-bidi-font-family: 'Times New Roman'; mso-ansi-language: EN-GB;\">Music arises from a sense of fulfillment. Julian Steckel plays like someone who has something to share. &#8220;As an interpreter, I trust my inner landscape more and more and allow the audience to enter it. It is a vulnerability that ultimately makes one stronger,&#8221; says Julian Steckel in 2018, the birth year of his first daughter. His power of conviction has grown, and his own images have become richer.<\/span><\/p>\n<p><span lang=\"EN-GB\" style=\"font-size: 11.0pt; font-family: 'Calibri',sans-serif; mso-bidi-font-family: 'Times New Roman'; mso-ansi-language: EN-GB;\">After winning the ARD Music Competition in 2010, Julian Steckel&#8217;s solo career took off. Since then, he has performed with the Gewandhaus Orchestra Leipzig, the Bavarian Radio Symphony Orchestra, the Royal Philharmonic Orchestra, the Orchestre de Paris, the Rotterdam Philharmonic Orchestra, and the St. Petersburg Philharmonic. He has worked with conductors such as Iv\u00e1n Fischer, Christoph Eschenbach, Sir Roger Norrington, Valery Gergiev, Jakub Hr\u016f\u0161a, Mario Venzago, Fabien Gabel, John Storg\u00e5rds, Lahav Shani, Antony Hermus, Christian Zacharias, and Michael Sanderling. In the field of chamber music, his partners have included and still include Janine Jansen, Christian Tetzlaff, Antje Weithaas, Renaud Capu\u00e7on, Veronika Eberle, Vilde Frang, Sharon Kam, Antoine Tamestit, Lars Vogt, Elisabeth Leonskaja, Paul Rivinius, Denis Kozhukhin, and the Modigliani, Armida, and \u00c9b\u00e8ne quartets.<\/span><\/p>\n<p><span lang=\"EN-GB\" style=\"font-size: 11.0pt; font-family: 'Calibri',sans-serif; mso-bidi-font-family: 'Times New Roman'; mso-ansi-language: EN-GB;\">When Steckel talks about past stations and encounters, one can sense that he is not driven by external expectations, but rather trusts an organic growth that has led him to important partners, works, and concerts.<\/span><\/p>\n<p><span lang=\"EN-GB\" style=\"font-size: 11.0pt; font-family: 'Calibri',sans-serif; mso-bidi-font-family: 'Times New Roman'; mso-ansi-language: EN-GB;\">Last season, Julian Steckel made his debut with the Israel Philharmonic Orchestra under Iv\u00e1n Fischer, as well as with the Yomiuri Orchestra Tokyo, where he performed Akio Yashiro&#8217;s cello concerto. Further concert tours took him across Europe and to New Zealand. In September 2024, Julian Steckel will open the Dvo<\/span><span lang=\"EN-GB\" style=\"font-size: 11.0pt; font-family: 'Calibri',sans-serif; mso-ansi-language: EN-GB;\">\u0159<\/span><span lang=\"EN-GB\" style=\"font-size: 11.0pt; font-family: 'Calibri',sans-serif; mso-bidi-font-family: 'Times New Roman'; mso-ansi-language: EN-GB;\">\u00e1k Festival Prague with the Bamberg Symphony Orchestra under Jakob Hrusa. Solo and chamber music concerts will also take him to Japan, Korea, and China, as well as to Leipzig (Gewandhaus), Berlin (Boulezsaal), Copenhagen, D\u00fcsseldorf, and many other places.<\/span><\/p><p><span lang=\"EN-GB\" style=\"font-size: 11.0pt; font-family: 'Calibri',sans-serif; mso-bidi-font-family: 'Times New Roman'; mso-ansi-language: EN-GB;\">&nbsp;Chamber music remains a source of inspiration and a communicative breeding ground for him. In the coming years he will be performing together with Antje Weithaas, Sharon Kam, Enrico Pace, Martin Helmchen and Nils M\u00f6nkemeyer amongst others<\/span><\/p>\n<\/div>\n<div>\n<\/div>\t\t\t\t\t\t<\/div>\n\t\t\t\t<\/div>\n\t\t\t\t\t<\/div>\n\t\t<\/div>\n\t\t\t\t\t\t\t<\/div>\n\t\t<\/section>\n\t\t\t\t<section class=\"elementor-section elementor-top-section elementor-element elementor-element-3d40c26 elementor-section-boxed elementor-section-height-default elementor-section-height-default\" data-id=\"3d40c26\" data-element_type=\"section\">\n\t\t\t\t\t\t<div class=\"elementor-container elementor-column-gap-default\">\n\t\t\t\t\t<div class=\"elementor-column elementor-col-100 elementor-top-column elementor-element elementor-element-d4a94b0\" data-id=\"d4a94b0\" data-element_type=\"column\">\n\t\t\t<div class=\"elementor-widget-wrap elementor-element-populated\">\n\t\t\t\t\t\t\t\t<div class=\"elementor-element elementor-element-468c255 elementor-aspect-ratio-169 elementor-widget elementor-widget-video\" data-id=\"468c255\" data-element_type=\"widget\" data-settings=\"{&quot;youtube_url&quot;:&quot;https:\\\/\\\/www.youtube.com\\\/watch?v=oceMwcOroOE&quot;,&quot;video_type&quot;:&quot;youtube&quot;,&quot;controls&quot;:&quot;yes&quot;,&quot;aspect_ratio&quot;:&quot;169&quot;}\" data-widget_type=\"video.default\">\n\t\t\t\t<div class=\"elementor-widget-container\">\n\t\t\t<style>\/*! elementor - v3.5.6 - 28-02-2022 *\/\n.elementor-widget-video .elementor-widget-container{overflow:hidden;-webkit-transform:translateZ(0);transform:translateZ(0)}.elementor-widget-video .elementor-open-inline .elementor-custom-embed-image-overlay{position:absolute;top:0;left:0;width:100%;height:100%;-webkit-background-size:cover;background-size:cover;background-position:50%}.elementor-widget-video .elementor-custom-embed-image-overlay{cursor:pointer;text-align:center}.elementor-widget-video .elementor-custom-embed-image-overlay:hover .elementor-custom-embed-play i{opacity:1}.elementor-widget-video .elementor-custom-embed-image-overlay img{display:block;width:100%}.elementor-widget-video .e-hosted-video .elementor-video{-o-object-fit:cover;object-fit:cover}<\/style>\t\t<div class=\"elementor-wrapper elementor-fit-aspect-ratio elementor-open-inline\">\n\t\t\t<div class=\"elementor-video\"><\/div>\t\t<\/div>\n\t\t\t\t<\/div>\n\t\t\t\t<\/div>\n\t\t\t\t\t<\/div>\n\t\t<\/div>\n\t\t\t\t\t\t\t<\/div>\n\t\t<\/section>\n\t\t\t\t\t\t<\/div>\n\t\t\t\t\t<\/div>\n\t\t","protected":false},"excerpt":{"rendered":"<p>Booking Contact Kika NieuwenhuisTerritory: Benelux Presskit Bio Engels Website www.juliansteckel.com Julian Steckel Music arises from a sense of fulfillment. Julian Steckel plays like someone who has something to share. &#8220;As an interpreter, I trust my inner landscape more and more and allow the audience to enter it. It is a vulnerability that ultimately makes one [&hellip;]<\/p>\n","protected":false},"author":1,"featured_media":1053,"parent":13,"menu_order":0,"comment_status":"closed","ping_status":"closed","template":"","meta":{"footnotes":""},"class_list":["post-1052","page","type-page","status-publish","has-post-thumbnail","hentry"],"_links":{"self":[{"href":"https:\/\/brinksartists.nl\/index.php?rest_route=\/wp\/v2\/pages\/1052","targetHints":{"allow":["GET"]}}],"collection":[{"href":"https:\/\/brinksartists.nl\/index.php?rest_route=\/wp\/v2\/pages"}],"about":[{"href":"https:\/\/brinksartists.nl\/index.php?rest_route=\/wp\/v2\/types\/page"}],"author":[{"embeddable":true,"href":"https:\/\/brinksartists.nl\/index.php?rest_route=\/wp\/v2\/users\/1"}],"replies":[{"embeddable":true,"href":"https:\/\/brinksartists.nl\/index.php?rest_route=%2Fwp%2Fv2%2Fcomments&post=1052"}],"version-history":[{"count":21,"href":"https:\/\/brinksartists.nl\/index.php?rest_route=\/wp\/v2\/pages\/1052\/revisions"}],"predecessor-version":[{"id":1104,"href":"https:\/\/brinksartists.nl\/index.php?rest_route=\/wp\/v2\/pages\/1052\/revisions\/1104"}],"up":[{"embeddable":true,"href":"https:\/\/brinksartists.nl\/index.php?rest_route=\/wp\/v2\/pages\/13"}],"wp:featuredmedia":[{"embeddable":true,"href":"https:\/\/brinksartists.nl\/index.php?rest_route=\/wp\/v2\/media\/1053"}],"wp:attachment":[{"href":"https:\/\/brinksartists.nl\/index.php?rest_route=%2Fwp%2Fv2%2Fmedia&parent=1052"}],"curies":[{"name":"wp","href":"https:\/\/api.w.org\/{rel}","templated":true}]}}